{"id":792,"date":"2018-08-31T15:04:25","date_gmt":"2018-08-31T18:04:25","guid":{"rendered":"https:\/\/isfdrec-sal.infd.edu.ar\/sitio\/historia\/"},"modified":"2025-07-15T15:38:32","modified_gmt":"2025-07-15T18:38:32","slug":"historia","status":"publish","type":"page","link":"https:\/\/isfdrec-sal.infd.edu.ar\/sitio\/historia\/","title":{"rendered":"Historial"},"content":{"rendered":"<p>El Instituto Superior de Formaci\u00f3n Docente Rural N\u00b0 6.012 empez\u00f3 a funcionar en su primer momento en las instalaciones del actual Colegio Secundario \u201cEj\u00e9rcito del Norte\u201d, ofreciendo a la comunidad la carrera de \u201cMagisterio\u201d para EGB I y II en el a\u00f1o 1985. Posteriormente, se traslad\u00f3 en el a\u00f1o 1988 a la Escuela \u201cPreb\u00edstero Dr. Jos\u00e9 Andr\u00e9s Pacheco de Melo\u201d. <br>De una investigaci\u00f3n realizada con estudiantes del cuarto a\u00f1o y graduados del Profesorado de Educaci\u00f3n Secundaria en Lengua y Literatura se recupera que, el instituto inici\u00f3 sus funciones el 23 de marzo de 1985. La informaci\u00f3n relevada, da cuenta del involucramiento y participaci\u00f3n de diferentes actores en la fundaci\u00f3n del Instituto. Se reconocen figuras de la vida civil y pol\u00edtica de la localidad de El Carril y del departamento de Chicoana, quienes colaboraron en conjunto, con las acciones necesarias para la organizaci\u00f3n del ISFD N\u00b06.012. <br>Resulta importante destacar entre las figuras de los interesados en la creaci\u00f3n del Instituto, a j\u00f3venes de la comunidad quienes demandaban una oportunidad educativa en su propia localidad. <br>En la actualidad, el ISFD N\u00b06.012 comparte edificios con la E.E.T N\u00b03.116 (cede central), con direcci\u00f3n en calle Pellegrini N\u00b0295, escuela primaria N\u00b04.321 \u00abJos\u00e9 Andr\u00e9s Pacheco de Melo\u00bb y escuela primaria N\u00b04.281 \u00abManuel Jos\u00e9 Castilla\u00bb, de la localidad de El Carril, con cuatro carreras de profesorados y tres carreras t\u00e9cnico profesionales, siendo sus autoridades:<\/p>\n<p>El rector Lic. Gonzalo Sebasti\u00e1n \u00c1lvarez y coordinadores de carreras, Prof. Jerem\u00edas, Podziawy, Prof. Andrea S\u00e1nchez Wilde, Prof. Nancy Vega y Prof. Juan Carlos Vilca.<\/p>\n\n\n<p><\/p>\n","protected":false},"excerpt":{"rendered":"<p>El Instituto Superior de Formaci\u00f3n Docente Rural N\u00b0 6.012 empez\u00f3 a funcionar en su primer momento en las instalaciones del actual Colegio Secundario \u201cEj\u00e9rcito del Norte\u201d, ofreciendo a la comunidad la carrera de \u201cMagisterio\u201d para EGB I y II en el a\u00f1o 1985. Posteriormente, se traslad\u00f3 en el a\u00f1o 1988 a la Escuela \u201cPreb\u00edstero Dr. &#8230; <a title=\"Historial\" class=\"read-more\" href=\"https:\/\/isfdrec-sal.infd.edu.ar\/sitio\/historia\/\" aria-label=\"More on Historial\">[+]<\/a><\/p>\n","protected":false},"author":1766,"featured_media":0,"parent":0,"menu_order":0,"comment_status":"closed","ping_status":"closed","template":"","meta":[],"acf":[],"_links":{"self":[{"href":"https:\/\/isfdrec-sal.infd.edu.ar\/sitio\/wp-json\/wp\/v2\/pages\/792"}],"collection":[{"href":"https:\/\/isfdrec-sal.infd.edu.ar\/sitio\/wp-json\/wp\/v2\/pages"}],"about":[{"href":"https:\/\/isfdrec-sal.infd.edu.ar\/sitio\/wp-json\/wp\/v2\/types\/page"}],"author":[{"embeddable":true,"href":"https:\/\/isfdrec-sal.infd.edu.ar\/sitio\/wp-json\/wp\/v2\/users\/1766"}],"replies":[{"embeddable":true,"href":"https:\/\/isfdrec-sal.infd.edu.ar\/sitio\/wp-json\/wp\/v2\/comments?post=792"}],"version-history":[{"count":8,"href":"https:\/\/isfdrec-sal.infd.edu.ar\/sitio\/wp-json\/wp\/v2\/pages\/792\/revisions"}],"predecessor-version":[{"id":1791,"href":"https:\/\/isfdrec-sal.infd.edu.ar\/sitio\/wp-json\/wp\/v2\/pages\/792\/revisions\/1791"}],"wp:attachment":[{"href":"https:\/\/isfdrec-sal.infd.edu.ar\/sitio\/wp-json\/wp\/v2\/media?parent=792"}],"curies":[{"name":"wp","href":"https:\/\/api.w.org\/{rel}","templated":true}]}}