{"id":790,"date":"2025-07-16T22:11:58","date_gmt":"2025-07-17T01:11:58","guid":{"rendered":"https:\/\/isfdrec-sal.infd.edu.ar\/sitio\/autoridades\/"},"modified":"2025-07-19T16:57:48","modified_gmt":"2025-07-19T19:57:48","slug":"autoridades","status":"publish","type":"page","link":"https:\/\/isfdrec-sal.infd.edu.ar\/sitio\/autoridades\/","title":{"rendered":"Equipo de gesti\u00f3n institucional"},"content":{"rendered":"<p><strong>Prof. A\/C rectorado:<\/strong><\/p>\n<p><strong> Lic. Gonzalo Sebasti\u00e1n \u00c1lvarez.<\/strong><\/p>\n<p><strong>Coordinadores de carreras:<\/strong><\/p>\n<p><strong> Prof. Jerem\u00edas, Podziawy.<\/strong><\/p>\n<p><strong>Prof. Andrea S\u00e1nchez Wilde.<\/strong><\/p>\n<p><strong>Prof. Nancy Vega.<\/strong><\/p>\n<p><strong>Prof. Juan Carlos Vilca.<\/strong><\/p>\n<h4><strong><span style=\"font-size: medium; font-family: book antiqua,palatino;\">\u00a0 \u00a0 \u00a0 \u00a0 \u00a0 \u00a0 \u00a0 \u00a0\u00a0<\/span><\/strong><\/h4>\n","protected":false},"excerpt":{"rendered":"<p>Prof. A\/C rectorado: Lic. Gonzalo Sebasti\u00e1n \u00c1lvarez. Coordinadores de carreras: Prof. Jerem\u00edas, Podziawy. Prof. Andrea S\u00e1nchez Wilde. Prof. Nancy Vega. Prof. Juan Carlos Vilca. \u00a0 \u00a0 \u00a0 \u00a0 \u00a0 \u00a0 \u00a0 \u00a0\u00a0<\/p>\n","protected":false},"author":1766,"featured_media":0,"parent":0,"menu_order":0,"comment_status":"closed","ping_status":"closed","template":"","meta":[],"acf":[],"_links":{"self":[{"href":"https:\/\/isfdrec-sal.infd.edu.ar\/sitio\/wp-json\/wp\/v2\/pages\/790"}],"collection":[{"href":"https:\/\/isfdrec-sal.infd.edu.ar\/sitio\/wp-json\/wp\/v2\/pages"}],"about":[{"href":"https:\/\/isfdrec-sal.infd.edu.ar\/sitio\/wp-json\/wp\/v2\/types\/page"}],"author":[{"embeddable":true,"href":"https:\/\/isfdrec-sal.infd.edu.ar\/sitio\/wp-json\/wp\/v2\/users\/1766"}],"replies":[{"embeddable":true,"href":"https:\/\/isfdrec-sal.infd.edu.ar\/sitio\/wp-json\/wp\/v2\/comments?post=790"}],"version-history":[{"count":14,"href":"https:\/\/isfdrec-sal.infd.edu.ar\/sitio\/wp-json\/wp\/v2\/pages\/790\/revisions"}],"predecessor-version":[{"id":1848,"href":"https:\/\/isfdrec-sal.infd.edu.ar\/sitio\/wp-json\/wp\/v2\/pages\/790\/revisions\/1848"}],"wp:attachment":[{"href":"https:\/\/isfdrec-sal.infd.edu.ar\/sitio\/wp-json\/wp\/v2\/media?parent=790"}],"curies":[{"name":"wp","href":"https:\/\/api.w.org\/{rel}","templated":true}]}}