{"id":756,"date":"2018-08-31T15:04:13","date_gmt":"2018-08-31T18:04:13","guid":{"rendered":"https:\/\/isfdrec-sal.infd.edu.ar\/sitio\/profesorado-en-lengua\/"},"modified":"2022-08-11T21:24:33","modified_gmt":"2022-08-12T00:24:33","slug":"profesorado-en-lengua","status":"publish","type":"page","link":"https:\/\/isfdrec-sal.infd.edu.ar\/sitio\/profesorado-en-lengua\/","title":{"rendered":"Profesorado de Lengua y Literatura"},"content":{"rendered":"<p><span style=\"font-size: small; color: #cc6600; font-family: Arial;\"><strong><img decoding=\"async\" title=\"Linea punteada 100%\" src=\"https:\/\/isfdrec-sal.infd.edu.ar\/sitio\/wp-content\/uploads\/2018\/08\/doted_line_100.gif\" alt=\"Linea punteada 100%\" border=\"0\" \/><\/strong><\/span><\/p>\n<p><span style=\"text-decoration: underline; font-size: 14pt;\"><span style=\"color: #ff0000;\"><strong>\u00a0<\/strong><\/span><\/span><\/p>\n<p><span style=\"text-decoration: underline; font-size: 14pt;\"><span style=\"color: #ff0000;\"><strong>\u00a0<\/strong><\/span><\/span><\/p>\n<p><span style=\"text-decoration: underline; font-size: 14pt;\"><span style=\"color: #ff0000;\"><strong>OBJETIVOS DE LA CARRERA<\/strong><\/span><\/span><\/p>\n<p style=\"text-align: justify;\">El Profesorado en Lengua tiene como objetivo principal formar docentes\u00a0 competentes en el \u00e1rea\u00a0t\u00e9cnica, con s\u00f3lidos conocimientos pedag\u00f3gicos,\u00a0atentos a los cambios y transformaciones propios de nuestra\u00a0tarea cotidiana y comprometidos con la realidad sociocultural de nuestro pa\u00eds, con un perfil abierto a las necesidades de los otros en el mundo que nos toca transitar.<\/p>\n<p style=\"text-align: justify;\">Nos preocupa una formaci\u00f3n integral e integrada que se cristaliza a partir de dos ejes vertebradores:<\/p>\n<ul style=\"text-align: justify;\">\n<li>La formaci\u00f3n pedag\u00f3gica que involucra la preparaci\u00f3n en la actividad de la ense\u00f1anza a trav\u00e9s del abordaje de las diferentes metodolog\u00edas que conforman el quehacer \u00e1ulico;<\/li>\n<li>La formaci\u00f3n en Letras a partir de la cual se busca insertar al alumno en el mundo de la literatura y el lenguaje en permanente contacto con otras disciplinas de las Ciencias Sociales y Humanas.<\/li>\n<\/ul>\n<p style=\"text-align: justify;\">En nuestro escenario de acci\u00f3n cada uno de nuestros alumnos son los protagonistas de este trabajo en equipo que llevamos a cabo junto con los\u00a0docentes, y en el cual tenemos como meta en com\u00fan la adquisici\u00f3n de las competencias necesarias para desarrollar con responsabilidad y eficiencia nuestra tarea.<\/p>\n<p style=\"text-align: justify;\">Por esta finalidad es que construimos espacios de participaci\u00f3n en los que desarrollamos Proyectos Interdisciplinarios con otras \u00c1reas y Carreras, Proyectos Comunitarios que permitan a nuestros estudiantes conocer y trabajar en\u00a0 instituciones con distintas realidades socio-econ\u00f3micas brindando lo que saben hacer al servicio del que m\u00e1s lo necesita.<\/p>\n<p style=\"margin-right: 20px; text-align: justify;\">\u00a0Por lo tanto el Instituto se propone:<\/p>\n<ul style=\"text-align: justify;\">\n<li>\u00a0Favorecer la b\u00fasqueda de espacios de an\u00e1lisis y reflexi\u00f3n sobre la pr\u00e1ctica.<\/li>\n<li>Promover la formaci\u00f3n de equipos preparados para capacitar en la toma de decisiones.<\/li>\n<li>Progresar en el dominio personal de las cuatro destrezas b\u00e1sicas: escuchar, hablar ,leer y escribir.<\/li>\n<li>Dotar al individuo de medios expresivos adecuados a su experiencia personal.<\/li>\n<li>Utilizar sus recursos expresivos, ling\u00fc\u00edsticos y no ling\u00fc\u00edsticos en los intercambios comunicativos.<\/li>\n<li>Disfrutar de la lectura y escritura como fuentes de enriquecimiento y de placer personal.<\/li>\n<li>Fomentar la capacidad de comprender, de relacionar, de sintetizar, de creatividad en la producci\u00f3n oral y escrita.<\/li>\n<li>Interpretar y producir textos.<\/li>\n<\/ul>\n<p style=\"margin-right: 20px; text-align: justify;\">\n<h4 style=\"text-align: center;\"><span style=\"text-decoration: underline;\"><strong><span style=\"color: #ff0000; text-decoration: underline;\">INCUMBENCIAS PROFESIONALES &#8211;\u00a0<img decoding=\"async\" title=\"Gui\u00f1o\" src=\"https:\/\/isfdrec-sal.infd.edu.ar\/static\/7.04.04-31\/lib\/javascript\/tinymce\/jscripts\/tiny_mce\/plugins\/emotions\/img\/smiley-wink.gif\" alt=\"Gui\u00f1o\" border=\"0\" \/><\/span><\/strong><\/span><\/h4>\n<p style=\"margin-right: 20px; text-align: justify;\">\u00a0\u00a0 \u00a0 \u00a0 \u00a0 \u00a0El egresado del Profesorado de Lengua y Literatura estar\u00e1 capacitado para desempe\u00f1arse como:<\/p>\n<ul style=\"text-align: justify;\">\n<li>Profesor en el \u00e1rea de Lengua .<\/li>\n<li>Profesor en el \u00e1rea de Lengua enla Educaci\u00f3n Polimodal.<\/li>\n<li>Asesor en el dise\u00f1o, gesti\u00f3n y evaluaci\u00f3n de proyectos en el \u00e1rea de Lengua en innovaci\u00f3n, investigaci\u00f3n y promoci\u00f3n al medio.<\/li>\n<\/ul>\n<p style=\"margin-right: 20px; text-align: justify;\"><span style=\"font-size: x-small; font-family: verdana,geneva;\">\u00a0<\/span><\/p>\n","protected":false},"excerpt":{"rendered":"<p>\u00a0 \u00a0 OBJETIVOS DE LA CARRERA El Profesorado en Lengua tiene como objetivo principal formar docentes\u00a0 competentes en el \u00e1rea\u00a0t\u00e9cnica, con s\u00f3lidos conocimientos pedag\u00f3gicos,\u00a0atentos a los cambios y transformaciones propios de nuestra\u00a0tarea cotidiana y comprometidos con la realidad sociocultural de nuestro pa\u00eds, con un perfil abierto a las necesidades de los otros en el mundo &#8230; <a title=\"Profesorado de Lengua y Literatura\" class=\"read-more\" href=\"https:\/\/isfdrec-sal.infd.edu.ar\/sitio\/profesorado-en-lengua\/\" aria-label=\"More on Profesorado de Lengua y Literatura\">[+]<\/a><\/p>\n","protected":false},"author":14,"featured_media":0,"parent":0,"menu_order":0,"comment_status":"closed","ping_status":"closed","template":"","meta":[],"acf":[],"_links":{"self":[{"href":"https:\/\/isfdrec-sal.infd.edu.ar\/sitio\/wp-json\/wp\/v2\/pages\/756"}],"collection":[{"href":"https:\/\/isfdrec-sal.infd.edu.ar\/sitio\/wp-json\/wp\/v2\/pages"}],"about":[{"href":"https:\/\/isfdrec-sal.infd.edu.ar\/sitio\/wp-json\/wp\/v2\/types\/page"}],"author":[{"embeddable":true,"href":"https:\/\/isfdrec-sal.infd.edu.ar\/sitio\/wp-json\/wp\/v2\/users\/14"}],"replies":[{"embeddable":true,"href":"https:\/\/isfdrec-sal.infd.edu.ar\/sitio\/wp-json\/wp\/v2\/comments?post=756"}],"version-history":[{"count":1,"href":"https:\/\/isfdrec-sal.infd.edu.ar\/sitio\/wp-json\/wp\/v2\/pages\/756\/revisions"}],"predecessor-version":[{"id":1046,"href":"https:\/\/isfdrec-sal.infd.edu.ar\/sitio\/wp-json\/wp\/v2\/pages\/756\/revisions\/1046"}],"wp:attachment":[{"href":"https:\/\/isfdrec-sal.infd.edu.ar\/sitio\/wp-json\/wp\/v2\/media?parent=756"}],"curies":[{"name":"wp","href":"https:\/\/api.w.org\/{rel}","templated":true}]}}