{"id":1053,"date":"2022-08-11T21:55:35","date_gmt":"2022-08-12T00:55:35","guid":{"rendered":"https:\/\/isfdrec-sal.infd.edu.ar\/sitio\/?page_id=1053"},"modified":"2025-07-16T17:12:07","modified_gmt":"2025-07-16T20:12:07","slug":"plan-de-estudio-y-regimen-de-correlatividades-educacion-inicial","status":"publish","type":"page","link":"https:\/\/isfdrec-sal.infd.edu.ar\/sitio\/plan-de-estudio-y-regimen-de-correlatividades-educacion-inicial\/","title":{"rendered":"Plan de Estudio y R\u00e9gimen de Correlatividades &#8211; Profesorado de Educaci\u00f3n Inicial"},"content":{"rendered":"\n<p>Podr\u00e1s acceder a esta informaci\u00f3n haciendo clic <a href=\"https:\/\/isfdrec-sal.infd.edu.ar\/sitio\/wp-content\/uploads\/2022\/08\/Res.-10550-15-Plan-de-Estudios-y-Regimen-de-correlatividades-Inicial-.pdf\">AQU\u00cd <\/a><\/p>\n","protected":false},"excerpt":{"rendered":"<p>Podr\u00e1s acceder a esta informaci\u00f3n haciendo clic AQU\u00cd<\/p>\n","protected":false},"author":1766,"featured_media":0,"parent":0,"menu_order":0,"comment_status":"closed","ping_status":"closed","template":"","meta":[],"acf":[],"_links":{"self":[{"href":"https:\/\/isfdrec-sal.infd.edu.ar\/sitio\/wp-json\/wp\/v2\/pages\/1053"}],"collection":[{"href":"https:\/\/isfdrec-sal.infd.edu.ar\/sitio\/wp-json\/wp\/v2\/pages"}],"about":[{"href":"https:\/\/isfdrec-sal.infd.edu.ar\/sitio\/wp-json\/wp\/v2\/types\/page"}],"author":[{"embeddable":true,"href":"https:\/\/isfdrec-sal.infd.edu.ar\/sitio\/wp-json\/wp\/v2\/users\/1766"}],"replies":[{"embeddable":true,"href":"https:\/\/isfdrec-sal.infd.edu.ar\/sitio\/wp-json\/wp\/v2\/comments?post=1053"}],"version-history":[{"count":2,"href":"https:\/\/isfdrec-sal.infd.edu.ar\/sitio\/wp-json\/wp\/v2\/pages\/1053\/revisions"}],"predecessor-version":[{"id":1077,"href":"https:\/\/isfdrec-sal.infd.edu.ar\/sitio\/wp-json\/wp\/v2\/pages\/1053\/revisions\/1077"}],"wp:attachment":[{"href":"https:\/\/isfdrec-sal.infd.edu.ar\/sitio\/wp-json\/wp\/v2\/media?parent=1053"}],"curies":[{"name":"wp","href":"https:\/\/api.w.org\/{rel}","templated":true}]}}