{"id":1050,"date":"2022-08-11T21:48:20","date_gmt":"2022-08-12T00:48:20","guid":{"rendered":"https:\/\/isfdrec-sal.infd.edu.ar\/sitio\/?page_id=1050"},"modified":"2022-08-11T21:48:21","modified_gmt":"2022-08-12T00:48:21","slug":"fundamentos-de-la-educacion-inicial","status":"publish","type":"page","link":"https:\/\/isfdrec-sal.infd.edu.ar\/sitio\/fundamentos-de-la-educacion-inicial\/","title":{"rendered":"Fundamentos de la Educaci\u00f3n Inicial"},"content":{"rendered":"\n<p>La formaci\u00f3n docente inicial, constituye una de las oportunidades que brinda la educaci\u00f3n para desarrollar y fortalecer la formaci\u00f3n integral de las personas promoviendo en cada una de ellas, la capacidad de definir su propio proyecto de vida, basado en los valores de la libertad, paz, solidaridad, igualdad y respeto a la diversidad, justicia, responsabilidad y bien com\u00fan. <\/p>\n\n\n\n<p>  <\/p>\n","protected":false},"excerpt":{"rendered":"<p>La formaci\u00f3n docente inicial, constituye una de las oportunidades que brinda la educaci\u00f3n para desarrollar y fortalecer la formaci\u00f3n integral de las personas promoviendo en cada una de ellas, la capacidad de definir su propio proyecto de vida, basado en los valores de la libertad, paz, solidaridad, igualdad y respeto a la diversidad, justicia, responsabilidad &#8230; <a title=\"Fundamentos de la Educaci\u00f3n Inicial\" class=\"read-more\" href=\"https:\/\/isfdrec-sal.infd.edu.ar\/sitio\/fundamentos-de-la-educacion-inicial\/\" aria-label=\"More on Fundamentos de la Educaci\u00f3n Inicial\">[+]<\/a><\/p>\n","protected":false},"author":14,"featured_media":0,"parent":0,"menu_order":0,"comment_status":"closed","ping_status":"closed","template":"","meta":[],"acf":[],"_links":{"self":[{"href":"https:\/\/isfdrec-sal.infd.edu.ar\/sitio\/wp-json\/wp\/v2\/pages\/1050"}],"collection":[{"href":"https:\/\/isfdrec-sal.infd.edu.ar\/sitio\/wp-json\/wp\/v2\/pages"}],"about":[{"href":"https:\/\/isfdrec-sal.infd.edu.ar\/sitio\/wp-json\/wp\/v2\/types\/page"}],"author":[{"embeddable":true,"href":"https:\/\/isfdrec-sal.infd.edu.ar\/sitio\/wp-json\/wp\/v2\/users\/14"}],"replies":[{"embeddable":true,"href":"https:\/\/isfdrec-sal.infd.edu.ar\/sitio\/wp-json\/wp\/v2\/comments?post=1050"}],"version-history":[{"count":1,"href":"https:\/\/isfdrec-sal.infd.edu.ar\/sitio\/wp-json\/wp\/v2\/pages\/1050\/revisions"}],"predecessor-version":[{"id":1052,"href":"https:\/\/isfdrec-sal.infd.edu.ar\/sitio\/wp-json\/wp\/v2\/pages\/1050\/revisions\/1052"}],"wp:attachment":[{"href":"https:\/\/isfdrec-sal.infd.edu.ar\/sitio\/wp-json\/wp\/v2\/media?parent=1050"}],"curies":[{"name":"wp","href":"https:\/\/api.w.org\/{rel}","templated":true}]}}